{"id":1238,"date":"2023-06-09T13:31:49","date_gmt":"2023-06-09T13:31:49","guid":{"rendered":"https:\/\/kambaafrica.com\/journeys\/"},"modified":"2025-09-17T12:52:22","modified_gmt":"2025-09-17T12:52:22","slug":"journeys","status":"publish","type":"page","link":"https:\/\/kambaafrica.com\/fr\/journeys\/","title":{"rendered":"Nos itin\u00e9raires"},"content":{"rendered":"","protected":false},"excerpt":{"rendered":"","protected":false},"author":1,"featured_media":0,"parent":0,"menu_order":0,"comment_status":"closed","ping_status":"closed","template":"tpl-journeys.php","meta":{"_acf_changed":false,"inline_featured_image":false,"footnotes":""},"class_list":["post-1238","page","type-page","status-publish","hentry"],"acf":[],"yoast_head":"<!-- This site is optimized with the Yoast SEO plugin v27.4 - https:\/\/yoast.com\/product\/yoast-seo-wordpress\/ -->\n<title>Nos itin\u00e9raires - Kamba<\/title>\n<meta name=\"description\" content=\"Nos itin\u00e9raires sont des moyens simples, s\u00fbrs et magiques de suivre les traces des grands explorateurs du Bassin du Congo. Reliant nos diff\u00e9rents lodges, ils vous permettent d&#039;explorer les diff\u00e9rents \u00e9cosyst\u00e8mes de ce sanctuaire naturel pr\u00e9serv\u00e9.\" \/>\n<meta name=\"robots\" content=\"index, follow, max-snippet:-1, max-image-preview:large, max-video-preview:-1\" \/>\n<link rel=\"canonical\" href=\"https:\/\/kambaafrica.com\/fr\/journeys\/\" \/>\n<meta property=\"og:locale\" content=\"fr_FR\" \/>\n<meta property=\"og:type\" content=\"article\" \/>\n<meta property=\"og:title\" content=\"Nos itin\u00e9raires - Kamba\" \/>\n<meta property=\"og:description\" content=\"Nos itin\u00e9raires sont des moyens simples, s\u00fbrs et magiques de suivre les traces des grands explorateurs du Bassin du Congo. Reliant nos diff\u00e9rents lodges, ils vous permettent d&#039;explorer les diff\u00e9rents \u00e9cosyst\u00e8mes de ce sanctuaire naturel pr\u00e9serv\u00e9.\" \/>\n<meta property=\"og:url\" content=\"https:\/\/kambaafrica.com\/fr\/journeys\/\" \/>\n<meta property=\"og:site_name\" content=\"Kamba\" \/>\n<meta property=\"article:publisher\" content=\"https:\/\/www.facebook.com\/kamba.africa\" \/>\n<meta property=\"article:modified_time\" content=\"2025-09-17T12:52:22+00:00\" \/>\n<meta property=\"og:image\" content=\"https:\/\/kambaafrica.com\/wp-content\/uploads\/2023\/07\/Kamba_social_image_share.png\" \/>\n\t<meta property=\"og:image:width\" content=\"1640\" \/>\n\t<meta property=\"og:image:height\" content=\"820\" \/>\n\t<meta property=\"og:image:type\" content=\"image\/png\" \/>\n<meta name=\"twitter:card\" content=\"summary_large_image\" \/>\n<meta name=\"twitter:label1\" content=\"Dur\u00e9e de lecture estim\u00e9e\" \/>\n\t<meta name=\"twitter:data1\" content=\"1 minute\" \/>\n<script type=\"application\/ld+json\" class=\"yoast-schema-graph\">{\"@context\":\"https:\\\/\\\/schema.org\",\"@graph\":[{\"@type\":\"WebPage\",\"@id\":\"https:\\\/\\\/kambaafrica.com\\\/fr\\\/journeys\\\/\",\"url\":\"https:\\\/\\\/kambaafrica.com\\\/fr\\\/journeys\\\/\",\"name\":\"Nos itin\u00e9raires - Kamba\",\"isPartOf\":{\"@id\":\"https:\\\/\\\/kambaafrica.com\\\/#website\"},\"datePublished\":\"2023-06-09T13:31:49+00:00\",\"dateModified\":\"2025-09-17T12:52:22+00:00\",\"description\":\"Nos itin\u00e9raires sont des moyens simples, s\u00fbrs et magiques de suivre les traces des grands explorateurs du Bassin du Congo. Reliant nos diff\u00e9rents lodges, ils vous permettent d'explorer les diff\u00e9rents \u00e9cosyst\u00e8mes de ce sanctuaire naturel pr\u00e9serv\u00e9.\",\"breadcrumb\":{\"@id\":\"https:\\\/\\\/kambaafrica.com\\\/fr\\\/journeys\\\/#breadcrumb\"},\"inLanguage\":\"fr-FR\",\"potentialAction\":[{\"@type\":\"ReadAction\",\"target\":[\"https:\\\/\\\/kambaafrica.com\\\/fr\\\/journeys\\\/\"]}]},{\"@type\":\"BreadcrumbList\",\"@id\":\"https:\\\/\\\/kambaafrica.com\\\/fr\\\/journeys\\\/#breadcrumb\",\"itemListElement\":[{\"@type\":\"ListItem\",\"position\":1,\"name\":\"Home\",\"item\":\"https:\\\/\\\/kambaafrica.com\\\/fr\\\/\"},{\"@type\":\"ListItem\",\"position\":2,\"name\":\"Nos itin\u00e9raires\"}]},{\"@type\":\"WebSite\",\"@id\":\"https:\\\/\\\/kambaafrica.com\\\/#website\",\"url\":\"https:\\\/\\\/kambaafrica.com\\\/\",\"name\":\"Kamba\",\"description\":\"Le dernier endroit sur terre\",\"publisher\":{\"@id\":\"https:\\\/\\\/kambaafrica.com\\\/#organization\"},\"alternateName\":\"Kamba\",\"potentialAction\":[{\"@type\":\"SearchAction\",\"target\":{\"@type\":\"EntryPoint\",\"urlTemplate\":\"https:\\\/\\\/kambaafrica.com\\\/?s={search_term_string}\"},\"query-input\":{\"@type\":\"PropertyValueSpecification\",\"valueRequired\":true,\"valueName\":\"search_term_string\"}}],\"inLanguage\":\"fr-FR\"},{\"@type\":\"Organization\",\"@id\":\"https:\\\/\\\/kambaafrica.com\\\/#organization\",\"name\":\"Kamba African Rainforest Experiences\",\"alternateName\":\"Kamba\",\"url\":\"https:\\\/\\\/kambaafrica.com\\\/\",\"logo\":{\"@type\":\"ImageObject\",\"inLanguage\":\"fr-FR\",\"@id\":\"https:\\\/\\\/kambaafrica.com\\\/#\\\/schema\\\/logo\\\/image\\\/\",\"url\":\"https:\\\/\\\/kambaafrica.com\\\/wp-content\\\/uploads\\\/2024\\\/07\\\/Kamba-Logo-Vertical-Color-Primary.svg\",\"contentUrl\":\"https:\\\/\\\/kambaafrica.com\\\/wp-content\\\/uploads\\\/2024\\\/07\\\/Kamba-Logo-Vertical-Color-Primary.svg\",\"width\":1000,\"height\":1000,\"caption\":\"Kamba African Rainforest Experiences\"},\"image\":{\"@id\":\"https:\\\/\\\/kambaafrica.com\\\/#\\\/schema\\\/logo\\\/image\\\/\"},\"sameAs\":[\"https:\\\/\\\/www.facebook.com\\\/kamba.africa\",\"https:\\\/\\\/www.instagram.com\\\/kamba.africa\"]}]}<\/script>\n<!-- \/ Yoast SEO plugin. -->","yoast_head_json":{"title":"Nos itin\u00e9raires - Kamba","description":"Nos itin\u00e9raires sont des moyens simples, s\u00fbrs et magiques de suivre les traces des grands explorateurs du Bassin du Congo. Reliant nos diff\u00e9rents lodges, ils vous permettent d'explorer les diff\u00e9rents \u00e9cosyst\u00e8mes de ce sanctuaire naturel pr\u00e9serv\u00e9.","robots":{"index":"index","follow":"follow","max-snippet":"max-snippet:-1","max-image-preview":"max-image-preview:large","max-video-preview":"max-video-preview:-1"},"canonical":"https:\/\/kambaafrica.com\/fr\/journeys\/","og_locale":"fr_FR","og_type":"article","og_title":"Nos itin\u00e9raires - Kamba","og_description":"Nos itin\u00e9raires sont des moyens simples, s\u00fbrs et magiques de suivre les traces des grands explorateurs du Bassin du Congo. Reliant nos diff\u00e9rents lodges, ils vous permettent d'explorer les diff\u00e9rents \u00e9cosyst\u00e8mes de ce sanctuaire naturel pr\u00e9serv\u00e9.","og_url":"https:\/\/kambaafrica.com\/fr\/journeys\/","og_site_name":"Kamba","article_publisher":"https:\/\/www.facebook.com\/kamba.africa","article_modified_time":"2025-09-17T12:52:22+00:00","og_image":[{"width":1640,"height":820,"url":"https:\/\/kambaafrica.com\/wp-content\/uploads\/2023\/07\/Kamba_social_image_share.png","type":"image\/png"}],"twitter_card":"summary_large_image","twitter_misc":{"Dur\u00e9e de lecture estim\u00e9e":"1 minute"},"schema":{"@context":"https:\/\/schema.org","@graph":[{"@type":"WebPage","@id":"https:\/\/kambaafrica.com\/fr\/journeys\/","url":"https:\/\/kambaafrica.com\/fr\/journeys\/","name":"Nos itin\u00e9raires - Kamba","isPartOf":{"@id":"https:\/\/kambaafrica.com\/#website"},"datePublished":"2023-06-09T13:31:49+00:00","dateModified":"2025-09-17T12:52:22+00:00","description":"Nos itin\u00e9raires sont des moyens simples, s\u00fbrs et magiques de suivre les traces des grands explorateurs du Bassin du Congo. Reliant nos diff\u00e9rents lodges, ils vous permettent d'explorer les diff\u00e9rents \u00e9cosyst\u00e8mes de ce sanctuaire naturel pr\u00e9serv\u00e9.","breadcrumb":{"@id":"https:\/\/kambaafrica.com\/fr\/journeys\/#breadcrumb"},"inLanguage":"fr-FR","potentialAction":[{"@type":"ReadAction","target":["https:\/\/kambaafrica.com\/fr\/journeys\/"]}]},{"@type":"BreadcrumbList","@id":"https:\/\/kambaafrica.com\/fr\/journeys\/#breadcrumb","itemListElement":[{"@type":"ListItem","position":1,"name":"Home","item":"https:\/\/kambaafrica.com\/fr\/"},{"@type":"ListItem","position":2,"name":"Nos itin\u00e9raires"}]},{"@type":"WebSite","@id":"https:\/\/kambaafrica.com\/#website","url":"https:\/\/kambaafrica.com\/","name":"Kamba","description":"Le dernier endroit sur terre","publisher":{"@id":"https:\/\/kambaafrica.com\/#organization"},"alternateName":"Kamba","potentialAction":[{"@type":"SearchAction","target":{"@type":"EntryPoint","urlTemplate":"https:\/\/kambaafrica.com\/?s={search_term_string}"},"query-input":{"@type":"PropertyValueSpecification","valueRequired":true,"valueName":"search_term_string"}}],"inLanguage":"fr-FR"},{"@type":"Organization","@id":"https:\/\/kambaafrica.com\/#organization","name":"Kamba African Rainforest Experiences","alternateName":"Kamba","url":"https:\/\/kambaafrica.com\/","logo":{"@type":"ImageObject","inLanguage":"fr-FR","@id":"https:\/\/kambaafrica.com\/#\/schema\/logo\/image\/","url":"https:\/\/kambaafrica.com\/wp-content\/uploads\/2024\/07\/Kamba-Logo-Vertical-Color-Primary.svg","contentUrl":"https:\/\/kambaafrica.com\/wp-content\/uploads\/2024\/07\/Kamba-Logo-Vertical-Color-Primary.svg","width":1000,"height":1000,"caption":"Kamba African Rainforest Experiences"},"image":{"@id":"https:\/\/kambaafrica.com\/#\/schema\/logo\/image\/"},"sameAs":["https:\/\/www.facebook.com\/kamba.africa","https:\/\/www.instagram.com\/kamba.africa"]}]}},"_links":{"self":[{"href":"https:\/\/kambaafrica.com\/fr\/wp-json\/wp\/v2\/pages\/1238","targetHints":{"allow":["GET"]}}],"collection":[{"href":"https:\/\/kambaafrica.com\/fr\/wp-json\/wp\/v2\/pages"}],"about":[{"href":"https:\/\/kambaafrica.com\/fr\/wp-json\/wp\/v2\/types\/page"}],"author":[{"embeddable":true,"href":"https:\/\/kambaafrica.com\/fr\/wp-json\/wp\/v2\/users\/1"}],"replies":[{"embeddable":true,"href":"https:\/\/kambaafrica.com\/fr\/wp-json\/wp\/v2\/comments?post=1238"}],"version-history":[{"count":3,"href":"https:\/\/kambaafrica.com\/fr\/wp-json\/wp\/v2\/pages\/1238\/revisions"}],"predecessor-version":[{"id":2033,"href":"https:\/\/kambaafrica.com\/fr\/wp-json\/wp\/v2\/pages\/1238\/revisions\/2033"}],"wp:attachment":[{"href":"https:\/\/kambaafrica.com\/fr\/wp-json\/wp\/v2\/media?parent=1238"}],"curies":[{"name":"wp","href":"https:\/\/api.w.org\/{rel}","templated":true}]}}